{"id":3,"date":"2026-03-12T10:02:28","date_gmt":"2026-03-12T10:02:28","guid":{"rendered":"https:\/\/artimat.studioartitude.com\/?page_id=3"},"modified":"2026-05-04T16:48:10","modified_gmt":"2026-05-04T16:48:10","slug":"privacy-policy","status":"publish","type":"page","link":"https:\/\/artimat24.fr\/index.php\/privacy-policy\/","title":{"rendered":"Politique de confidentialit\u00e9"},"content":{"rendered":"[et_pb_section fb_built=\u00a0\u00bb1&Prime; admin_label=\u00a0\u00bbsection\u00a0\u00bb _builder_version=\u00a0\u00bb4.16&Prime; global_colors_info=\u00a0\u00bb{}\u00a0\u00bb][et_pb_row admin_label=\u00a0\u00bbrow\u00a0\u00bb _builder_version=\u00a0\u00bb4.16&Prime; background_size=\u00a0\u00bbinitial\u00a0\u00bb background_position=\u00a0\u00bbtop_left\u00a0\u00bb background_repeat=\u00a0\u00bbrepeat\u00a0\u00bb global_colors_info=\u00a0\u00bb{}\u00a0\u00bb][et_pb_column type=\u00a0\u00bb4_4&Prime; _builder_version=\u00a0\u00bb4.16&Prime; custom_padding=\u00a0\u00bb|||\u00a0\u00bb global_colors_info=\u00a0\u00bb{}\u00a0\u00bb custom_padding__hover=\u00a0\u00bb|||\u00a0\u00bb][et_pb_text admin_label=\u00a0\u00bbText\u00a0\u00bb _builder_version=\u00a0\u00bb4.27.6&Prime; text_text_color=\u00a0\u00bb#1a344e\u00a0\u00bb link_font=\u00a0\u00bb||||on||||\u00a0\u00bb link_text_color=\u00a0\u00bb#1a344e\u00a0\u00bb header_text_color=\u00a0\u00bb#1a344e\u00a0\u00bb header_2_text_align=\u00a0\u00bbcenter\u00a0\u00bb header_2_text_color=\u00a0\u00bb#1a344e\u00a0\u00bb header_3_text_color=\u00a0\u00bb#ec6815&Prime; header_4_text_color=\u00a0\u00bb#ec6815&Prime; header_5_text_color=\u00a0\u00bb#1a344e\u00a0\u00bb hover_enabled=\u00a0\u00bb0&Prime; global_colors_info=\u00a0\u00bb{}\u00a0\u00bb sticky_enabled=\u00a0\u00bb0&Prime;]<p><\/p>\n<h1 class=\"wp-block-heading\" style=\"text-align: center;\"><b>Politique de confidentialit\u00e9<\/b><\/h1>\n<p><span style=\"font-weight: 400;\"><\/span><\/p>\n<p><span style=\"font-weight: 400;\"><\/span><\/p>\n<p><span style=\"font-weight: 400;\">La pr\u00e9sente politique de confidentialit\u00e9 a pour objectif d\u2019informer les utilisateurs du site <\/span><b>artimat24.fr<\/b><span style=\"font-weight: 400;\"> sur la mani\u00e8re dont leurs donn\u00e9es personnelles peuvent \u00eatre collect\u00e9es et trait\u00e9es.<\/span><\/p>\n<p><span style=\"font-weight: 400;\">Les traitements de donn\u00e9es personnelles respectent les dispositions du <\/span><b>R\u00e8glement G\u00e9n\u00e9ral sur la Protection des Donn\u00e9es (RGPD) n\u00b02016\/679<\/b><span style=\"font-weight: 400;\"> et de la loi Informatique et Libert\u00e9s.<\/span><\/p>\n<h2 class=\"wp-block-heading\"><\/h2>\n<h4><b>Responsable du traitement<\/b><\/h4>\n<p><span style=\"font-weight: 400;\">Les donn\u00e9es personnelles collect\u00e9es sur le site <\/span><b>artimat24.fr<\/b><span style=\"font-weight: 400;\"> sont trait\u00e9es par :<\/span><\/p>\n<p><b>Emma DUBRUNFAUT<\/b><b><br \/><\/b><span style=\"font-weight: 400;\">Email : <\/span><b>info@clubentreprisesduhautperigord.com<\/b><\/p>\n<h2 class=\"wp-block-heading\"><\/h2>\n<h4><b>Donn\u00e9es collect\u00e9es<\/b><\/h4>\n<p><span style=\"font-weight: 400;\">Selon l\u2019utilisation du site, les donn\u00e9es suivantes peuvent \u00eatre collect\u00e9es :<\/span><\/p>\n<ul>\n<li style=\"font-weight: 400;\" aria-level=\"1\"><span style=\"font-weight: 400;\">nom et pr\u00e9nom ;<\/span><\/li>\n<li style=\"font-weight: 400;\" aria-level=\"1\"><span style=\"font-weight: 400;\">adresse email ;<\/span><\/li>\n<li style=\"font-weight: 400;\" aria-level=\"1\"><span style=\"font-weight: 400;\">informations transmises via le formulaire de contact ou de recrutement ;<\/span><\/li>\n<li style=\"font-weight: 400;\" aria-level=\"1\"><span style=\"font-weight: 400;\">donn\u00e9es de navigation (cookies, statistiques).<\/span><\/li>\n<\/ul>\n<p><span style=\"font-weight: 400;\">Ces donn\u00e9es sont collect\u00e9es uniquement lorsque l\u2019utilisateur les fournit volontairement (par exemple via un formulaire de contact).<\/span><\/p>\n<h2 class=\"wp-block-heading\"><\/h2>\n<h4><b>Finalit\u00e9 du traitement<\/b><\/h4>\n<p><span style=\"font-weight: 400;\">Les donn\u00e9es personnelles peuvent \u00eatre utilis\u00e9es pour :<\/span><\/p>\n<ul>\n<li style=\"font-weight: 400;\" aria-level=\"1\"><span style=\"font-weight: 400;\">r\u00e9pondre aux demandes envoy\u00e9es via le formulaire de contact ;<\/span><\/li>\n<li style=\"font-weight: 400;\" aria-level=\"1\"><span style=\"font-weight: 400;\">assurer le bon fonctionnement du site ;<\/span><\/li>\n<li style=\"font-weight: 400;\" aria-level=\"1\"><span style=\"font-weight: 400;\">am\u00e9liorer l\u2019exp\u00e9rience utilisateur ;<\/span><\/li>\n<li style=\"font-weight: 400;\" aria-level=\"1\"><span style=\"font-weight: 400;\">r\u00e9aliser des statistiques de fr\u00e9quentation.<\/span><\/li>\n<\/ul>\n<h2 class=\"wp-block-heading\"><\/h2>\n<h4><b>Dur\u00e9e de conservation<\/b><\/h4>\n<p><span style=\"font-weight: 400;\">Les donn\u00e9es personnelles sont conserv\u00e9es uniquement pendant la dur\u00e9e n\u00e9cessaire aux finalit\u00e9s pour lesquelles elles ont \u00e9t\u00e9 collect\u00e9es.<\/span><\/p>\n<p><span style=\"font-weight: 400;\">Les donn\u00e9es issues d\u2019un formulaire de contact sont conserv\u00e9es pour une dur\u00e9e maximale de <\/span><b>3 ans<\/b><span style=\"font-weight: 400;\"> apr\u00e8s le dernier \u00e9change.<\/span><\/p>\n<h2 class=\"wp-block-heading\"><\/h2>\n<h4><b>Destinataires des donn\u00e9es<\/b><\/h4>\n<p><span style=\"font-weight: 400;\">Les donn\u00e9es personnelles collect\u00e9es sont destin\u00e9es uniquement \u00e0 l\u2019\u00e9diteur du site.<\/span><\/p>\n<p><span style=\"font-weight: 400;\">Elles ne sont ni vendues, ni \u00e9chang\u00e9es, ni transf\u00e9r\u00e9es \u00e0 des tiers sans le consentement de l\u2019utilisateur.<\/span><\/p>\n<h2 class=\"wp-block-heading\"><\/h2>\n<h4><b>S\u00e9curit\u00e9 des donn\u00e9es<\/b><\/h4>\n<p><span style=\"font-weight: 400;\">L\u2019\u00e9diteur met en \u0153uvre les mesures techniques et organisationnelles appropri\u00e9es afin de garantir la s\u00e9curit\u00e9 et la confidentialit\u00e9 des donn\u00e9es personnelles.<\/span><\/p>\n<h2 class=\"wp-block-heading\"><\/h2>\n<h4><b>Droits des utilisateurs<\/b><\/h4>\n<p><span style=\"font-weight: 400;\">Conform\u00e9ment au RGPD, chaque utilisateur dispose des droits suivants :<\/span><\/p>\n<ul>\n<li style=\"font-weight: 400;\" aria-level=\"1\"><span style=\"font-weight: 400;\">droit d\u2019acc\u00e8s ;<\/span><\/li>\n<li style=\"font-weight: 400;\" aria-level=\"1\"><span style=\"font-weight: 400;\">droit de rectification ;<\/span><\/li>\n<li style=\"font-weight: 400;\" aria-level=\"1\"><span style=\"font-weight: 400;\">droit de suppression ;<\/span><\/li>\n<li style=\"font-weight: 400;\" aria-level=\"1\"><span style=\"font-weight: 400;\">droit d\u2019opposition ;<\/span><\/li>\n<li style=\"font-weight: 400;\" aria-level=\"1\"><span style=\"font-weight: 400;\">droit \u00e0 la limitation du traitement.<\/span><\/li>\n<\/ul>\n<p><span style=\"font-weight: 400;\">Pour exercer ces droits, l\u2019utilisateur peut adresser sa demande \u00e0 :<\/span><\/p>\n<p><b>info@clubentreprisesduhautperigord.com<\/b><\/p>\n<p><span style=\"font-weight: 400;\">Une r\u00e9ponse sera apport\u00e9e dans un d\u00e9lai maximum d\u2019un mois.<\/span><\/p>\n<h2 class=\"wp-block-heading\"><\/h2>\n<h4><b>Cookies<\/b><\/h4>\n<p><span style=\"font-weight: 400;\">Le site <\/span><b>artimat24.fr<\/b><span style=\"font-weight: 400;\"> peut utiliser des cookies afin d\u2019am\u00e9liorer l\u2019exp\u00e9rience de navigation et de r\u00e9aliser des statistiques de fr\u00e9quentation.<\/span><\/p>\n<p><span style=\"font-weight: 400;\">L\u2019utilisateur peut accepter ou refuser les cookies via le bandeau affich\u00e9 lors de sa premi\u00e8re visite ou en configurant les param\u00e8tres de son navigateur.<\/span><\/p>\n<h2 class=\"wp-block-heading\"><\/h2>\n<p><\/p>[\/et_pb_text][\/et_pb_column][\/et_pb_row][\/et_pb_section]","protected":false},"excerpt":{"rendered":"<p>Politique de confidentialit\u00e9 La pr\u00e9sente politique de confidentialit\u00e9 a pour objectif d\u2019informer les utilisateurs du site artimat24.fr sur la mani\u00e8re dont leurs donn\u00e9es personnelles peuvent \u00eatre collect\u00e9es et trait\u00e9es. Les traitements de donn\u00e9es personnelles respectent les dispositions du R\u00e8glement G\u00e9n\u00e9ral sur la Protection des Donn\u00e9es (RGPD) n\u00b02016\/679 et de la loi Informatique et Libert\u00e9s. Responsable du traitement Les donn\u00e9es personnelles collect\u00e9es sur le site artimat24.fr sont trait\u00e9es par : Emma DUBRUNFAUTEmail : info@clubentreprisesduhautperigord.com Donn\u00e9es collect\u00e9es Selon l\u2019utilisation du site, les donn\u00e9es suivantes peuvent \u00eatre collect\u00e9es : nom et pr\u00e9nom ; adresse email ; informations transmises via le formulaire de contact ou de recrutement ; donn\u00e9es de navigation (cookies, statistiques). Ces donn\u00e9es sont collect\u00e9es uniquement lorsque l\u2019utilisateur les fournit volontairement (par exemple via un formulaire de contact). Finalit\u00e9 du traitement Les donn\u00e9es personnelles peuvent \u00eatre utilis\u00e9es pour : r\u00e9pondre aux demandes envoy\u00e9es via le formulaire de contact ; assurer le bon fonctionnement du site ; am\u00e9liorer l\u2019exp\u00e9rience utilisateur ; r\u00e9aliser des statistiques de fr\u00e9quentation. Dur\u00e9e de conservation Les donn\u00e9es personnelles sont conserv\u00e9es uniquement pendant la dur\u00e9e n\u00e9cessaire aux finalit\u00e9s pour lesquelles elles ont \u00e9t\u00e9 collect\u00e9es. Les donn\u00e9es issues d\u2019un formulaire de contact sont conserv\u00e9es pour une dur\u00e9e maximale de 3 ans [&hellip;]<\/p>\n","protected":false},"author":1,"featured_media":0,"parent":0,"menu_order":0,"comment_status":"closed","ping_status":"closed","template":"","meta":{"_et_pb_use_builder":"on","_et_pb_old_content":"<!-- wp:heading -->\n<h2 class=\"wp-block-heading\">Who we are<\/h2>\n<!-- \/wp:heading -->\n<!-- wp:paragraph -->\n<p><strong class=\"privacy-policy-tutorial\">Suggested text: <\/strong>Our website address is: https:\/\/artimat24.fr.<\/p>\n<!-- \/wp:paragraph -->\n<!-- wp:heading -->\n<h2 class=\"wp-block-heading\">Comments<\/h2>\n<!-- \/wp:heading -->\n<!-- wp:paragraph -->\n<p><strong class=\"privacy-policy-tutorial\">Suggested text: <\/strong>When visitors leave comments on the site we collect the data shown in the comments form, and also the visitor&#8217;s IP address and browser user agent string to help spam detection.<\/p>\n<!-- \/wp:paragraph -->\n<!-- wp:paragraph -->\n<p>An anonymized string created from your email address (also called a hash) may be provided to the Gravatar service to see if you are using it. The Gravatar service privacy policy is available here: https:\/\/automattic.com\/privacy\/. After approval of your comment, your profile picture is visible to the public in the context of your comment.<\/p>\n<!-- \/wp:paragraph -->\n<!-- wp:heading -->\n<h2 class=\"wp-block-heading\">Media<\/h2>\n<!-- \/wp:heading -->\n<!-- wp:paragraph -->\n<p><strong class=\"privacy-policy-tutorial\">Suggested text: <\/strong>If you upload images to the website, you should avoid uploading images with embedded location data (EXIF GPS) included. Visitors to the website can download and extract any location data from images on the website.<\/p>\n<!-- \/wp:paragraph -->\n<!-- wp:heading -->\n<h2 class=\"wp-block-heading\">Cookies<\/h2>\n<!-- \/wp:heading -->\n<!-- wp:paragraph -->\n<p><strong class=\"privacy-policy-tutorial\">Suggested text: <\/strong>If you leave a comment on our site you may opt-in to saving your name, email address and website in cookies. These are for your convenience so that you do not have to fill in your details again when you leave another comment. These cookies will last for one year.<\/p>\n<!-- \/wp:paragraph -->\n<!-- wp:paragraph -->\n<p>If you visit our login page, we will set a temporary cookie to determine if your browser accepts cookies. This cookie contains no personal data and is discarded when you close your browser.<\/p>\n<!-- \/wp:paragraph -->\n<!-- wp:paragraph -->\n<p>When you log in, we will also set up several cookies to save your login information and your screen display choices. Login cookies last for two days, and screen options cookies last for a year. If you select &quot;Remember Me&quot;, your login will persist for two weeks. If you log out of your account, the login cookies will be removed.<\/p>\n<!-- \/wp:paragraph -->\n<!-- wp:paragraph -->\n<p>If you edit or publish an article, an additional cookie will be saved in your browser. This cookie includes no personal data and simply indicates the post ID of the article you just edited. It expires after 1 day.<\/p>\n<!-- \/wp:paragraph -->\n<!-- wp:heading -->\n<h2 class=\"wp-block-heading\">Embedded content from other websites<\/h2>\n<!-- \/wp:heading -->\n<!-- wp:paragraph -->\n<p><strong class=\"privacy-policy-tutorial\">Suggested text: <\/strong>Articles on this site may include embedded content (e.g. videos, images, articles, etc.). Embedded content from other websites behaves in the exact same way as if the visitor has visited the other website.<\/p>\n<!-- \/wp:paragraph -->\n<!-- wp:paragraph -->\n<p>These websites may collect data about you, use cookies, embed additional third-party tracking, and monitor your interaction with that embedded content, including tracking your interaction with the embedded content if you have an account and are logged in to that website.<\/p>\n<!-- \/wp:paragraph -->\n<!-- wp:heading -->\n<h2 class=\"wp-block-heading\">Who we share your data with<\/h2>\n<!-- \/wp:heading -->\n<!-- wp:paragraph -->\n<p><strong class=\"privacy-policy-tutorial\">Suggested text: <\/strong>If you request a password reset, your IP address will be included in the reset email.<\/p>\n<!-- \/wp:paragraph -->\n<!-- wp:heading -->\n<h2 class=\"wp-block-heading\">How long we retain your data<\/h2>\n<!-- \/wp:heading -->\n<!-- wp:paragraph -->\n<p><strong class=\"privacy-policy-tutorial\">Suggested text: <\/strong>If you leave a comment, the comment and its metadata are retained indefinitely. This is so we can recognize and approve any follow-up comments automatically instead of holding them in a moderation queue.<\/p>\n<!-- \/wp:paragraph -->\n<!-- wp:paragraph -->\n<p>For users that register on our website (if any), we also store the personal information they provide in their user profile. All users can see, edit, or delete their personal information at any time (except they cannot change their username). Website administrators can also see and edit that information.<\/p>\n<!-- \/wp:paragraph -->\n<!-- wp:heading -->\n<h2 class=\"wp-block-heading\">What rights you have over your data<\/h2>\n<!-- \/wp:heading -->\n<!-- wp:paragraph -->\n<p><strong class=\"privacy-policy-tutorial\">Suggested text: <\/strong>If you have an account on this site, or have left comments, you can request to receive an exported file of the personal data we hold about you, including any data you have provided to us. You can also request that we erase any personal data we hold about you. This does not include any data we are obliged to keep for administrative, legal, or security purposes.<\/p>\n<!-- \/wp:paragraph -->\n<!-- wp:heading -->\n<h2 class=\"wp-block-heading\">Where your data is sent<\/h2>\n<!-- \/wp:heading -->\n<!-- wp:paragraph -->\n<p><strong class=\"privacy-policy-tutorial\">Suggested text: <\/strong>Visitor comments may be checked through an automated spam detection service.<\/p>\n<!-- \/wp:paragraph -->\n","_et_gb_content_width":"","footnotes":""},"class_list":["post-3","page","type-page","status-publish","hentry"],"_links":{"self":[{"href":"https:\/\/artimat24.fr\/index.php\/wp-json\/wp\/v2\/pages\/3","targetHints":{"allow":["GET"]}}],"collection":[{"href":"https:\/\/artimat24.fr\/index.php\/wp-json\/wp\/v2\/pages"}],"about":[{"href":"https:\/\/artimat24.fr\/index.php\/wp-json\/wp\/v2\/types\/page"}],"author":[{"embeddable":true,"href":"https:\/\/artimat24.fr\/index.php\/wp-json\/wp\/v2\/users\/1"}],"replies":[{"embeddable":true,"href":"https:\/\/artimat24.fr\/index.php\/wp-json\/wp\/v2\/comments?post=3"}],"version-history":[{"count":6,"href":"https:\/\/artimat24.fr\/index.php\/wp-json\/wp\/v2\/pages\/3\/revisions"}],"predecessor-version":[{"id":921,"href":"https:\/\/artimat24.fr\/index.php\/wp-json\/wp\/v2\/pages\/3\/revisions\/921"}],"wp:attachment":[{"href":"https:\/\/artimat24.fr\/index.php\/wp-json\/wp\/v2\/media?parent=3"}],"curies":[{"name":"wp","href":"https:\/\/api.w.org\/{rel}","templated":true}]}}