{"id":644,"date":"2026-04-07T08:10:18","date_gmt":"2026-04-07T08:10:18","guid":{"rendered":"https:\/\/artimat.studioartitude.com\/?page_id=644"},"modified":"2026-05-06T15:46:10","modified_gmt":"2026-05-06T15:46:10","slug":"club-entreprises-du-haut-perigord","status":"publish","type":"page","link":"https:\/\/artimat24.fr\/index.php\/club-entreprises-du-haut-perigord\/","title":{"rendered":"Club Entreprises du Haut P\u00e9rigord"},"content":{"rendered":"<p>[et_pb_section fb_built=\u00a0\u00bb1&Prime; _builder_version=\u00a0\u00bb4.27.6&Prime; _module_preset=\u00a0\u00bbdefault\u00a0\u00bb background_color=\u00a0\u00bbrgba(216,140,0,0.12)\u00a0\u00bb custom_padding=\u00a0\u00bb0px||0px|||\u00a0\u00bb global_colors_info=\u00a0\u00bb{}\u00a0\u00bb][et_pb_row _builder_version=\u00a0\u00bb4.27.6&Prime; _module_preset=\u00a0\u00bbdefault\u00a0\u00bb width=\u00a0\u00bb90%\u00a0\u00bb max_width=\u00a0\u00bb2560px\u00a0\u00bb custom_padding=\u00a0\u00bb0px||44px|||\u00a0\u00bb global_colors_info=\u00a0\u00bb{}\u00a0\u00bb][et_pb_column type=\u00a0\u00bb4_4&Prime; _builder_version=\u00a0\u00bb4.27.6&Prime; _module_preset=\u00a0\u00bbdefault\u00a0\u00bb global_colors_info=\u00a0\u00bb{}\u00a0\u00bb][et_pb_image src=\u00a0\u00bbhttps:\/\/artimat24.fr\/wp-content\/uploads\/2026\/04\/Logo-Club-Entreprise.png\u00a0\u00bb title_text=\u00a0\u00bbLogo-Club-Entreprise\u00a0\u00bb align=\u00a0\u00bbcenter\u00a0\u00bb _builder_version=\u00a0\u00bb4.27.6&Prime; _module_preset=\u00a0\u00bbdefault\u00a0\u00bb width=\u00a0\u00bb29%\u00a0\u00bb max_width=\u00a0\u00bb63%\u00a0\u00bb module_alignment=\u00a0\u00bbcenter\u00a0\u00bb max_height=\u00a0\u00bb188px\u00a0\u00bb global_colors_info=\u00a0\u00bb{}\u00a0\u00bb][\/et_pb_image][\/et_pb_column][\/et_pb_row][\/et_pb_section][et_pb_section fb_built=\u00a0\u00bb1&Prime; _builder_version=\u00a0\u00bb4.27.6&Prime; _module_preset=\u00a0\u00bbdefault\u00a0\u00bb background_image=\u00a0\u00bbhttps:\/\/artimat24.fr\/wp-content\/uploads\/2026\/04\/Fond1.png\u00a0\u00bb global_colors_info=\u00a0\u00bb{}\u00a0\u00bb][et_pb_row _builder_version=\u00a0\u00bb4.27.6&Prime; _module_preset=\u00a0\u00bbdefault\u00a0\u00bb global_colors_info=\u00a0\u00bb{}\u00a0\u00bb][et_pb_column type=\u00a0\u00bb4_4&Prime; _builder_version=\u00a0\u00bb4.27.6&Prime; _module_preset=\u00a0\u00bbdefault\u00a0\u00bb global_colors_info=\u00a0\u00bb{}\u00a0\u00bb][et_pb_text _builder_version=\u00a0\u00bb4.27.6&Prime; _module_preset=\u00a0\u00bbdefault\u00a0\u00bb text_text_color=\u00a0\u00bb#FFFFFF\u00a0\u00bb header_3_text_color=\u00a0\u00bb#FFFFFF\u00a0\u00bb header_4_font=\u00a0\u00bb|||on|||||\u00a0\u00bb header_4_text_color=\u00a0\u00bb#FFFFFF\u00a0\u00bb global_colors_info=\u00a0\u00bb{}\u00a0\u00bb]<\/p>\n<h4>Entreprendre, \u00e9changer et faire grandir le territoire<\/h4>\n<p>Le Club Entreprises du Haut P\u00e9rigord rassemble des entrepreneurs qui souhaitent \u00e9changer, s\u2019entraider, mutualiser leurs id\u00e9es et partager leurs exp\u00e9riences. Ouvert \u00e0 toutes les activit\u00e9s et \u00e0 toutes les tailles d\u2019entreprise, il constitue un v\u00e9ritable espace de rencontres au service de la dynamique \u00e9conomique locale.<\/p>\n<p>Ancr\u00e9 dans le territoire, le Club a pour vocation de participer \u00e0 la vie \u00e9conomique et sociale du Haut P\u00e9rigord. Il favorise les \u00e9changes entre dirigeants, d\u00e9veloppe les synergies, renforce les r\u00e9seaux professionnels et contribue \u00e0 promouvoir les savoir-faire locaux.<\/p>\n<p>[\/et_pb_text][\/et_pb_column][\/et_pb_row][\/et_pb_section][et_pb_section fb_built=\u00a0\u00bb1&Prime; _builder_version=\u00a0\u00bb4.27.6&Prime; _module_preset=\u00a0\u00bbdefault\u00a0\u00bb hover_enabled=\u00a0\u00bb0&Prime; global_colors_info=\u00a0\u00bb{}\u00a0\u00bb custom_margin_last_edited=\u00a0\u00bbon|phone\u00a0\u00bb custom_padding=\u00a0\u00bb40px||||false|false\u00a0\u00bb sticky_enabled=\u00a0\u00bb0&Prime; custom_padding_last_edited=\u00a0\u00bbon|desktop\u00a0\u00bb custom_padding_tablet=\u00a0\u00bb40px||||false|false\u00a0\u00bb custom_padding_phone=\u00a0\u00bb40px||||false|false\u00a0\u00bb][et_pb_row column_structure=\u00a0\u00bb2_5,3_5&Prime; _builder_version=\u00a0\u00bb4.27.6&Prime; _module_preset=\u00a0\u00bbdefault\u00a0\u00bb hover_enabled=\u00a0\u00bb0&Prime; global_colors_info=\u00a0\u00bb{}\u00a0\u00bb custom_padding_last_edited=\u00a0\u00bbon|tablet\u00a0\u00bb custom_padding_phone=\u00a0\u00bb0px||||false|false\u00a0\u00bb sticky_enabled=\u00a0\u00bb0&Prime; custom_padding_tablet=\u00a0\u00bb0px||||false|false\u00a0\u00bb][et_pb_column type=\u00a0\u00bb2_5&Prime; _builder_version=\u00a0\u00bb4.27.6&Prime; _module_preset=\u00a0\u00bbdefault\u00a0\u00bb global_colors_info=\u00a0\u00bb{}\u00a0\u00bb][et_pb_image src=\u00a0\u00bbhttps:\/\/artimat24.fr\/wp-content\/uploads\/2026\/04\/130entreprises1800Emplois.png\u00a0\u00bb title_text=\u00a0\u00bb130entreprises1800Emplois\u00a0\u00bb align=\u00a0\u00bbcenter\u00a0\u00bb _builder_version=\u00a0\u00bb4.27.6&Prime; _module_preset=\u00a0\u00bbdefault\u00a0\u00bb module_alignment=\u00a0\u00bbcenter\u00a0\u00bb custom_margin=\u00a0\u00bb28px||||false|false\u00a0\u00bb hover_enabled=\u00a0\u00bb0&Prime; global_colors_info=\u00a0\u00bb{}\u00a0\u00bb width_last_edited=\u00a0\u00bbon|phone\u00a0\u00bb width_tablet=\u00a0\u00bb70%\u00a0\u00bb sticky_enabled=\u00a0\u00bb0&Prime; width_phone=\u00a0\u00bb90%\u00a0\u00bb custom_margin_last_edited=\u00a0\u00bbon|phone\u00a0\u00bb custom_margin_phone=\u00a0\u00bb0px||9px||false|false\u00a0\u00bb custom_margin_tablet=\u00a0\u00bb0px||||false|false\u00a0\u00bb][\/et_pb_image][\/et_pb_column][et_pb_column type=\u00a0\u00bb3_5&Prime; _builder_version=\u00a0\u00bb4.27.6&Prime; _module_preset=\u00a0\u00bbdefault\u00a0\u00bb global_colors_info=\u00a0\u00bb{}\u00a0\u00bb][et_pb_text _builder_version=\u00a0\u00bb4.27.6&Prime; _module_preset=\u00a0\u00bbdefault\u00a0\u00bb header_4_font=\u00a0\u00bb|||on|||||\u00a0\u00bb header_4_text_color=\u00a0\u00bb#203a6f\u00a0\u00bb global_colors_info=\u00a0\u00bb{}\u00a0\u00bb]<\/p>\n<h4>Un r\u00e9seau engag\u00e9 au c\u0153ur du Haut P\u00e9rigord<\/h4>\n<p>Aujourd\u2019hui, le Club Entreprises du Haut P\u00e9rigord f\u00e9d\u00e8re plus de<span style=\"color: #203a6f;\"><strong> 130 entreprises adh\u00e9rentes<\/strong><\/span> repr\u00e9sentant plus de<span style=\"color: #203a6f;\"> <strong>1 800 emplois<\/strong><\/span> sur le territoire. Ses membres se retrouvent lors d\u2019une rencontre mensuelle pour apprendre, partager leurs probl\u00e9matiques, d\u00e9couvrir des entreprises locales et participer au d\u00e9veloppement du territoire.<\/p>\n<p>Le Club rayonne sur l\u2019ensemble du Haut P\u00e9rigord, \u00e0 travers les communaut\u00e9s de communes <span style=\"color: #203a6f;\"><strong>P\u00e9rigord-Limousin, Dronne et Belle, Isle-Loue-Auv\u00e9z\u00e8re en P\u00e9rigord et P\u00e9rigord-Nontronnais.<\/strong><\/span>\u00a0<\/p>\n<p>[\/et_pb_text][\/et_pb_column][\/et_pb_row][et_pb_row _builder_version=\u00a0\u00bb4.27.6&Prime; _module_preset=\u00a0\u00bbdefault\u00a0\u00bb global_colors_info=\u00a0\u00bb{}\u00a0\u00bb][et_pb_column type=\u00a0\u00bb4_4&Prime; _builder_version=\u00a0\u00bb4.27.6&Prime; _module_preset=\u00a0\u00bbdefault\u00a0\u00bb global_colors_info=\u00a0\u00bb{}\u00a0\u00bb][et_pb_text _builder_version=\u00a0\u00bb4.27.6&Prime; _module_preset=\u00a0\u00bbdefault\u00a0\u00bb header_4_font=\u00a0\u00bb|||on|||||\u00a0\u00bb header_4_text_color=\u00a0\u00bb#203a6f\u00a0\u00bb global_colors_info=\u00a0\u00bb{}\u00a0\u00bb]<\/p>\n<h4>Les missions du Club<\/h4>\n<p>Le Club agit concr\u00e8tement pour accompagner les entreprises et renforcer l\u2019attractivit\u00e9 du territoire. Ses missions s\u2019articulent autour de plusieurs axes :<\/p>\n<ul>\n<li>accueillir les entreprises, les entrepreneurs et les investisseurs, et faciliter leur int\u00e9gration sur le territoire ;<\/li>\n<li>recenser et valoriser le savoir-faire des entreprises locales ;<\/li>\n<li>cr\u00e9er un r\u00e9seau d\u2019affaires, d\u2019entraide et de partage d\u2019exp\u00e9riences ;<\/li>\n<li>accompagner le d\u00e9veloppement \u00e9conomique aupr\u00e8s des collectivit\u00e9s locales ;<\/li>\n<li>agir sur la formation, le recrutement et l\u2019accueil des jeunes dans les entreprises ;<\/li>\n<li>imaginer et d\u00e9velopper des services pour les salari\u00e9s.<\/li>\n<\/ul>\n<p>[\/et_pb_text][\/et_pb_column][\/et_pb_row][et_pb_row column_structure=\u00a0\u00bb1_2,1_2&Prime; _builder_version=\u00a0\u00bb4.27.6&Prime; _module_preset=\u00a0\u00bbdefault\u00a0\u00bb global_colors_info=\u00a0\u00bb{}\u00a0\u00bb][et_pb_column type=\u00a0\u00bb1_2&Prime; _builder_version=\u00a0\u00bb4.27.6&Prime; _module_preset=\u00a0\u00bbdefault\u00a0\u00bb global_colors_info=\u00a0\u00bb{}\u00a0\u00bb][et_pb_image src=\u00a0\u00bbhttps:\/\/artimat24.fr\/wp-content\/uploads\/2026\/04\/Carte.webp\u00a0\u00bb title_text=\u00a0\u00bbCarte\u00a0\u00bb force_fullwidth=\u00a0\u00bbon\u00a0\u00bb _builder_version=\u00a0\u00bb4.27.6&Prime; _module_preset=\u00a0\u00bbdefault\u00a0\u00bb module_alignment=\u00a0\u00bbcenter\u00a0\u00bb custom_margin=\u00a0\u00bb-1px||||false|false\u00a0\u00bb global_colors_info=\u00a0\u00bb{}\u00a0\u00bb][\/et_pb_image][\/et_pb_column][et_pb_column type=\u00a0\u00bb1_2&Prime; _builder_version=\u00a0\u00bb4.27.6&Prime; _module_preset=\u00a0\u00bbdefault\u00a0\u00bb global_colors_info=\u00a0\u00bb{}\u00a0\u00bb][et_pb_text _builder_version=\u00a0\u00bb4.27.6&Prime; _module_preset=\u00a0\u00bbdefault\u00a0\u00bb header_4_font=\u00a0\u00bb|||on|||||\u00a0\u00bb header_4_text_color=\u00a0\u00bb#203a6f\u00a0\u00bb custom_margin=\u00a0\u00bb49px|||||\u00a0\u00bb hover_enabled=\u00a0\u00bb0&Prime; global_colors_info=\u00a0\u00bb{}\u00a0\u00bb custom_margin_last_edited=\u00a0\u00bbon|phone\u00a0\u00bb custom_margin_phone=\u00a0\u00bb20px||||false|false\u00a0\u00bb sticky_enabled=\u00a0\u00bb0&Prime; custom_margin_tablet=\u00a0\u00bb31px||||false|false\u00a0\u00bb]<\/p>\n<h4>Un acteur du territoire<\/h4>\n<p>Au-del\u00e0 de ses missions \u00e9conomiques, le Club soutient et promeut des \u00e9v\u00e9nements culturels, sociaux, sportifs et \u00e9conomiques qui participent au rayonnement du Haut P\u00e9rigord. Il est notamment coorganisateur du<span style=\"color: #203a6f;\"><strong> Forum M\u00e9tiers Emploi Travail (MET),<\/strong><\/span> en partenariat avec la Communaut\u00e9 de communes P\u00e9rigord-Limousin et la Mission Locale du Haut P\u00e9rigord \u00e0 Thiviers. Cet \u00e9v\u00e9nement permet aux jeunes de rencontrer les professionnels du Nord Dordogne et de d\u00e9couvrir leurs m\u00e9tiers \u00e0 travers des animations, des t\u00e9moignages et des outils de simulation.<\/p>\n<p>[\/et_pb_text][\/et_pb_column][\/et_pb_row][et_pb_row _builder_version=\u00a0\u00bb4.27.6&Prime; _module_preset=\u00a0\u00bbdefault\u00a0\u00bb hover_enabled=\u00a0\u00bb0&Prime; global_colors_info=\u00a0\u00bb{}\u00a0\u00bb custom_padding_last_edited=\u00a0\u00bbon|desktop\u00a0\u00bb custom_padding_phone=\u00a0\u00bb||0px||false|false\u00a0\u00bb sticky_enabled=\u00a0\u00bb0&Prime; custom_padding_tablet=\u00a0\u00bb||0px||false|false\u00a0\u00bb][et_pb_column type=\u00a0\u00bb4_4&Prime; _builder_version=\u00a0\u00bb4.27.6&Prime; _module_preset=\u00a0\u00bbdefault\u00a0\u00bb global_colors_info=\u00a0\u00bb{}\u00a0\u00bb][et_pb_text _builder_version=\u00a0\u00bb4.27.6&Prime; _module_preset=\u00a0\u00bbdefault\u00a0\u00bb header_4_font=\u00a0\u00bb|||on|||||\u00a0\u00bb header_4_text_color=\u00a0\u00bb#203a6f\u00a0\u00bb global_colors_info=\u00a0\u00bb{}\u00a0\u00bb]<\/p>\n<h4>Une organisation en commissions<\/h4>\n<p>Le Club s\u2019appuie sur<span style=\"color: #203a6f;\"><strong> sept commissions<\/strong><\/span> anim\u00e9es b\u00e9n\u00e9volement par ses adh\u00e9rents. Elles permettent de d\u00e9velopper les actions du r\u00e9seau, de partager les comp\u00e9tences et de faire avancer des projets concrets au service des entreprises et du territoire.<\/p>\n<p>Ces commissions couvrent notamment les th\u00e9matiques suivantes :<\/p>\n<ul>\n<li><span>r\u00e9flexion et accompagnement\u202f;<\/span><\/li>\n<li>emploi et formation ;<\/li>\n<li>relation \u00e9coles ;<\/li>\n<li>commerce et artisanat ;<\/li>\n<li>attractivit\u00e9 et d\u00e9veloppement du territoire ;<\/li>\n<li>agriculture ;<\/li>\n<li>communication.<\/li>\n<\/ul>\n<p>[\/et_pb_text][\/et_pb_column][\/et_pb_row][\/et_pb_section][et_pb_section fb_built=\u00a0\u00bb1&Prime; _builder_version=\u00a0\u00bb4.27.6&Prime; _module_preset=\u00a0\u00bbdefault\u00a0\u00bb background_color=\u00a0\u00bb#203a6f\u00a0\u00bb global_colors_info=\u00a0\u00bb{}\u00a0\u00bb][et_pb_row column_structure=\u00a0\u00bb2_5,3_5&Prime; _builder_version=\u00a0\u00bb4.27.6&Prime; _module_preset=\u00a0\u00bbdefault\u00a0\u00bb hover_enabled=\u00a0\u00bb0&Prime; global_colors_info=\u00a0\u00bb{}\u00a0\u00bb custom_padding_last_edited=\u00a0\u00bbon|desktop\u00a0\u00bb custom_padding_phone=\u00a0\u00bb0px||||false|false\u00a0\u00bb sticky_enabled=\u00a0\u00bb0&Prime; custom_padding_tablet=\u00a0\u00bb0px||||false|false\u00a0\u00bb][et_pb_column type=\u00a0\u00bb2_5&Prime; _builder_version=\u00a0\u00bb4.27.6&Prime; _module_preset=\u00a0\u00bbdefault\u00a0\u00bb global_colors_info=\u00a0\u00bb{}\u00a0\u00bb][et_pb_image src=\u00a0\u00bbhttps:\/\/artimat24.fr\/wp-content\/uploads\/2026\/04\/Accueillir.webp\u00a0\u00bb title_text=\u00a0\u00bbAccueillir\u00a0\u00bb align=\u00a0\u00bbcenter\u00a0\u00bb _builder_version=\u00a0\u00bb4.27.6&Prime; _module_preset=\u00a0\u00bbdefault\u00a0\u00bb width=\u00a0\u00bb39%\u00a0\u00bb custom_margin=\u00a0\u00bb104px||||false|false\u00a0\u00bb custom_margin_tablet=\u00a0\u00bb0px||||false|false\u00a0\u00bb custom_margin_phone=\u00a0\u00bb0px||||false|false\u00a0\u00bb custom_margin_last_edited=\u00a0\u00bbon|phone\u00a0\u00bb hover_enabled=\u00a0\u00bb0&Prime; global_colors_info=\u00a0\u00bb{}\u00a0\u00bb sticky_enabled=\u00a0\u00bb0&Prime; width_last_edited=\u00a0\u00bbon|phone\u00a0\u00bb width_phone=\u00a0\u00bb50%\u00a0\u00bb width_tablet=\u00a0\u00bb30%\u00a0\u00bb custom_padding_last_edited=\u00a0\u00bbon|phone\u00a0\u00bb custom_padding_phone=\u00a0\u00bb0px||||false|false\u00a0\u00bb][\/et_pb_image][et_pb_text _builder_version=\u00a0\u00bb4.27.6&Prime; _module_preset=\u00a0\u00bbdefault\u00a0\u00bb header_4_font=\u00a0\u00bb|||on|||||\u00a0\u00bb header_4_text_color=\u00a0\u00bb#203a6f\u00a0\u00bb custom_padding=\u00a0\u00bb28px|||||\u00a0\u00bb global_colors_info=\u00a0\u00bb{}\u00a0\u00bb]<\/p>\n<h4 style=\"text-align: center;\"><strong><span style=\"color: #ffffff;\">Rejoindre le Club<\/span><\/strong><\/h4>\n<p style=\"text-align: center;\"><span style=\"color: #ffffff;\">Rejoindre le Club Entreprises du Haut P\u00e9rigord, c\u2019est int\u00e9grer un r\u00e9seau de dirigeants engag\u00e9s, participer activement \u00e0 la vie de son territoire et contribuer \u00e0 faire \u00e9merger des projets collectifs utiles au tissu \u00e9conomique local. Comme le souligne le mot du pr\u00e9sident, l\u2019ambition est de faire de chaque adh\u00e9rent un v\u00e9ritable acteur du Haut P\u00e9rigord.<\/span><\/p>\n<p>[\/et_pb_text][\/et_pb_column][et_pb_column type=\u00a0\u00bb3_5&Prime; _builder_version=\u00a0\u00bb4.27.6&Prime; _module_preset=\u00a0\u00bbdefault\u00a0\u00bb global_colors_info=\u00a0\u00bb{}\u00a0\u00bb][et_pb_text _builder_version=\u00a0\u00bb4.27.6&Prime; _module_preset=\u00a0\u00bbdefault\u00a0\u00bb header_4_text_color=\u00a0\u00bb#FFFFFF\u00a0\u00bb header_4_font_size=\u00a0\u00bb24px\u00a0\u00bb global_colors_info=\u00a0\u00bb{}\u00a0\u00bb]<\/p>\n<h4 style=\"text-align: center;\"><strong>CONTACTER <span style=\"color: #ba8b1f;\">LE CLUB ENTREPRISES DE HAUT P\u00c9RIGORD<\/span><\/strong><\/h4>\n<p>[\/et_pb_text][dsm_contact_form_7 cf7_library=\u00a0\u00bb647&Prime; button_alignment=\u00a0\u00bbright\u00a0\u00bb _builder_version=\u00a0\u00bb4.27.6&Prime; _module_preset=\u00a0\u00bbdefault\u00a0\u00bb labels_font=\u00a0\u00bb|600|||||||\u00a0\u00bb labels_text_color=\u00a0\u00bb#FFFFFF\u00a0\u00bb custom_button_one=\u00a0\u00bbon\u00a0\u00bb button_one_text_color=\u00a0\u00bb#FFFFFF\u00a0\u00bb button_one_bg_color=\u00a0\u00bb#ba8b1f\u00a0\u00bb button_one_border_width=\u00a0\u00bb0px\u00a0\u00bb global_colors_info=\u00a0\u00bb{}\u00a0\u00bb button_one_bg_color__hover_enabled=\u00a0\u00bbon|desktop\u00a0\u00bb button_one_bg_color__hover=\u00a0\u00bbrgba(186,139,31,0.78)\u00a0\u00bb button_one_bg_enable_color__hover=\u00a0\u00bbon\u00a0\u00bb][\/dsm_contact_form_7][\/et_pb_column][\/et_pb_row][\/et_pb_section]<\/p>\n","protected":false},"excerpt":{"rendered":"<p>Entreprendre, \u00e9changer et faire grandir le territoire Le Club Entreprises du Haut P\u00e9rigord rassemble des entrepreneurs qui souhaitent \u00e9changer, s\u2019entraider, mutualiser leurs id\u00e9es et partager leurs exp\u00e9riences. Ouvert \u00e0 toutes les activit\u00e9s et \u00e0 toutes les tailles d\u2019entreprise, il constitue un v\u00e9ritable espace de rencontres au service de la dynamique \u00e9conomique locale. Ancr\u00e9 dans le territoire, le Club a pour vocation de participer \u00e0 la vie \u00e9conomique et sociale du Haut P\u00e9rigord. Il favorise les \u00e9changes entre dirigeants, d\u00e9veloppe les synergies, renforce les r\u00e9seaux professionnels et contribue \u00e0 promouvoir les savoir-faire locaux.Un r\u00e9seau engag\u00e9 au c\u0153ur du Haut P\u00e9rigord Aujourd\u2019hui, le Club Entreprises du Haut P\u00e9rigord f\u00e9d\u00e8re plus de 130 entreprises adh\u00e9rentes repr\u00e9sentant plus de 1 800 emplois sur le territoire. Ses membres se retrouvent lors d\u2019une rencontre mensuelle pour apprendre, partager leurs probl\u00e9matiques, d\u00e9couvrir des entreprises locales et participer au d\u00e9veloppement du territoire. Le Club rayonne sur l\u2019ensemble du Haut P\u00e9rigord, \u00e0 travers les communaut\u00e9s de communes P\u00e9rigord-Limousin, Dronne et Belle, Isle-Loue-Auv\u00e9z\u00e8re en P\u00e9rigord et P\u00e9rigord-Nontronnais.\u00a0Les missions du Club Le Club agit concr\u00e8tement pour accompagner les entreprises et renforcer l\u2019attractivit\u00e9 du territoire. Ses missions s\u2019articulent autour de plusieurs axes : accueillir les entreprises, les entrepreneurs et les investisseurs, et [&hellip;]<\/p>\n","protected":false},"author":1,"featured_media":0,"parent":0,"menu_order":0,"comment_status":"closed","ping_status":"closed","template":"","meta":{"_et_pb_use_builder":"on","_et_pb_old_content":"","_et_gb_content_width":"","footnotes":""},"class_list":["post-644","page","type-page","status-publish","hentry"],"_links":{"self":[{"href":"https:\/\/artimat24.fr\/index.php\/wp-json\/wp\/v2\/pages\/644","targetHints":{"allow":["GET"]}}],"collection":[{"href":"https:\/\/artimat24.fr\/index.php\/wp-json\/wp\/v2\/pages"}],"about":[{"href":"https:\/\/artimat24.fr\/index.php\/wp-json\/wp\/v2\/types\/page"}],"author":[{"embeddable":true,"href":"https:\/\/artimat24.fr\/index.php\/wp-json\/wp\/v2\/users\/1"}],"replies":[{"embeddable":true,"href":"https:\/\/artimat24.fr\/index.php\/wp-json\/wp\/v2\/comments?post=644"}],"version-history":[{"count":8,"href":"https:\/\/artimat24.fr\/index.php\/wp-json\/wp\/v2\/pages\/644\/revisions"}],"predecessor-version":[{"id":957,"href":"https:\/\/artimat24.fr\/index.php\/wp-json\/wp\/v2\/pages\/644\/revisions\/957"}],"wp:attachment":[{"href":"https:\/\/artimat24.fr\/index.php\/wp-json\/wp\/v2\/media?parent=644"}],"curies":[{"name":"wp","href":"https:\/\/api.w.org\/{rel}","templated":true}]}}