{"id":820,"date":"2026-04-27T14:15:31","date_gmt":"2026-04-27T14:15:31","guid":{"rendered":"https:\/\/artimat.studioartitude.com\/?page_id=820"},"modified":"2026-05-06T15:08:14","modified_gmt":"2026-05-06T15:08:14","slug":"exposer-2","status":"publish","type":"page","link":"https:\/\/artimat24.fr\/index.php\/exposer-2\/","title":{"rendered":"EXPOSER"},"content":{"rendered":"<p>[et_pb_section fb_built=\u00a0\u00bb1&Prime; _builder_version=\u00a0\u00bb4.27.6&Prime; _module_preset=\u00a0\u00bbdefault\u00a0\u00bb hover_enabled=\u00a0\u00bb0&Prime; global_colors_info=\u00a0\u00bb{}\u00a0\u00bb custom_padding_last_edited=\u00a0\u00bbon|phone\u00a0\u00bb custom_padding_phone=\u00a0\u00bb0px||0px||false|false\u00a0\u00bb sticky_enabled=\u00a0\u00bb0&Prime; custom_padding_tablet=\u00a0\u00bb0px||5px||false|false\u00a0\u00bb][et_pb_row _builder_version=\u00a0\u00bb4.27.6&Prime; _module_preset=\u00a0\u00bbdefault\u00a0\u00bb width=\u00a0\u00bb91%\u00a0\u00bb max_width=\u00a0\u00bb100%\u00a0\u00bb module_alignment=\u00a0\u00bbcenter\u00a0\u00bb min_height=\u00a0\u00bb98px\u00a0\u00bb custom_margin=\u00a0\u00bb||||false|false\u00a0\u00bb custom_padding=\u00a0\u00bb30px||0px||false|false\u00a0\u00bb module_alignment_last_edited=\u00a0\u00bboff|desktop\u00a0\u00bb global_colors_info=\u00a0\u00bb{}\u00a0\u00bb][et_pb_column type=\u00a0\u00bb4_4&Prime; _builder_version=\u00a0\u00bb4.27.4&Prime; _module_preset=\u00a0\u00bbdefault\u00a0\u00bb global_colors_info=\u00a0\u00bb{}\u00a0\u00bb][et_pb_text module_class=\u00a0\u00bbtitre-prestations-outline2&Prime; _builder_version=\u00a0\u00bb4.27.6&Prime; _module_preset=\u00a0\u00bbdefault\u00a0\u00bb header_font=\u00a0\u00bbMontserrat|600||on|||||\u00a0\u00bb header_font_size=\u00a0\u00bb53px\u00a0\u00bb header_2_font=\u00a0\u00bbMontserrat|800||on|||||\u00a0\u00bb header_2_text_color=\u00a0\u00bb#FFFFFF\u00a0\u00bb header_2_font_size=\u00a0\u00bb63px\u00a0\u00bb custom_margin=\u00a0\u00bb1px||-45px|25px|false|false\u00a0\u00bb hover_enabled=\u00a0\u00bb0&Prime; header_font_size_tablet=\u00a0\u00bb46px\u00a0\u00bb header_font_size_phone=\u00a0\u00bb28px\u00a0\u00bb header_font_size_last_edited=\u00a0\u00bbon|phone\u00a0\u00bb header_2_text_shadow_style=\u00a0\u00bbpreset3&Prime; header_2_text_shadow_vertical_length=\u00a0\u00bb-0.88em\u00a0\u00bb header_2_text_shadow_blur_strength=\u00a0\u00bb0em\u00a0\u00bb header_2_text_shadow_color=\u00a0\u00bb#000000&Prime; global_colors_info=\u00a0\u00bb{}\u00a0\u00bb sticky_enabled=\u00a0\u00bb0&Prime; custom_margin_last_edited=\u00a0\u00bbon|tablet\u00a0\u00bb custom_margin_phone=\u00a0\u00bb0px||-27px|0px|false|false\u00a0\u00bb custom_margin_tablet=\u00a0\u00bb1px||-45px|25px|false|false\u00a0\u00bb]<\/p>\n<h1 style=\"text-align: center;\">Devenir exposant ?<\/h1>\n<p>[\/et_pb_text][et_pb_text _builder_version=\u00a0\u00bb4.27.6&Prime; _module_preset=\u00a0\u00bbdefault\u00a0\u00bb header_font=\u00a0\u00bbMontserrat|700||on|||||\u00a0\u00bb header_text_align=\u00a0\u00bbcenter\u00a0\u00bb header_text_color=\u00a0\u00bb#eb6812&Prime; header_font_size=\u00a0\u00bb39px\u00a0\u00bb custom_margin=\u00a0\u00bb||||false|false\u00a0\u00bb custom_margin_tablet=\u00a0\u00bb|||0px|false|false\u00a0\u00bb custom_margin_phone=\u00a0\u00bb|||0px|false|false\u00a0\u00bb custom_margin_last_edited=\u00a0\u00bbon|tablet\u00a0\u00bb custom_padding=\u00a0\u00bb0px||||false|false\u00a0\u00bb hover_enabled=\u00a0\u00bb0&Prime; header_font_size_tablet=\u00a0\u00bb38px\u00a0\u00bb header_font_size_phone=\u00a0\u00bb24px\u00a0\u00bb header_font_size_last_edited=\u00a0\u00bbon|phone\u00a0\u00bb header_text_shadow_style=\u00a0\u00bbpreset3&Prime; header_text_shadow_horizontal_length=\u00a0\u00bb-0.26em\u00a0\u00bb header_text_shadow_vertical_length=\u00a0\u00bb-0.17em\u00a0\u00bb header_text_shadow_blur_strength=\u00a0\u00bb0.27em\u00a0\u00bb header_text_shadow_color=\u00a0\u00bb#FFFFFF\u00a0\u00bb global_colors_info=\u00a0\u00bb{}\u00a0\u00bb sticky_enabled=\u00a0\u00bb0&Prime;]<\/p>\n<h1 style=\"text-align: center;\">Devenir exposant ?<\/h1>\n<p>[\/et_pb_text][\/et_pb_column][\/et_pb_row][\/et_pb_section][et_pb_section fb_built=\u00a0\u00bb1&Prime; _builder_version=\u00a0\u00bb4.27.6&Prime; _module_preset=\u00a0\u00bbdefault\u00a0\u00bb background_color=\u00a0\u00bb#bc5e05&Prime; background_image=\u00a0\u00bbhttps:\/\/artimat24.fr\/wp-content\/uploads\/2026\/03\/IMG_8558-copie.webp\u00a0\u00bb background_blend=\u00a0\u00bbsoft-light\u00a0\u00bb hover_enabled=\u00a0\u00bb0&Prime; global_colors_info=\u00a0\u00bb{}\u00a0\u00bb custom_margin_last_edited=\u00a0\u00bboff|phone\u00a0\u00bb sticky_enabled=\u00a0\u00bb0&Prime; custom_padding_last_edited=\u00a0\u00bbon|tablet\u00a0\u00bb custom_padding_phone=\u00a0\u00bb0px||0px||false|false\u00a0\u00bb custom_padding_tablet=\u00a0\u00bb0px||0px||false|false\u00a0\u00bb][et_pb_row _builder_version=\u00a0\u00bb4.27.6&Prime; _module_preset=\u00a0\u00bbdefault\u00a0\u00bb hover_enabled=\u00a0\u00bb0&Prime; global_colors_info=\u00a0\u00bb{}\u00a0\u00bb sticky_enabled=\u00a0\u00bb0&Prime;][et_pb_column type=\u00a0\u00bb4_4&Prime; _builder_version=\u00a0\u00bb4.27.6&Prime; _module_preset=\u00a0\u00bbdefault\u00a0\u00bb global_colors_info=\u00a0\u00bb{}\u00a0\u00bb][et_pb_text _builder_version=\u00a0\u00bb4.27.6&Prime; _module_preset=\u00a0\u00bbdefault\u00a0\u00bb text_font=\u00a0\u00bb|600|||||||\u00a0\u00bb text_text_color=\u00a0\u00bb#FFFFFF\u00a0\u00bb text_font_size=\u00a0\u00bb18px\u00a0\u00bb text_line_height=\u00a0\u00bb2.1em\u00a0\u00bb custom_margin=\u00a0\u00bb1px||||false|false\u00a0\u00bb custom_padding=\u00a0\u00bb|100px||100px|false|false\u00a0\u00bb custom_padding_tablet=\u00a0\u00bb|0px||0px|false|false\u00a0\u00bb custom_padding_phone=\u00a0\u00bb|0px||0px|false|false\u00a0\u00bb custom_padding_last_edited=\u00a0\u00bbon|phone\u00a0\u00bb hover_enabled=\u00a0\u00bb0&Prime; text_font_size_tablet=\u00a0\u00bb15px\u00a0\u00bb text_font_size_phone=\u00a0\u00bb13px\u00a0\u00bb text_font_size_last_edited=\u00a0\u00bbon|tablet\u00a0\u00bb text_text_shadow_style=\u00a0\u00bbpreset3&Prime; text_text_shadow_horizontal_length=\u00a0\u00bb-0.08em\u00a0\u00bb text_text_shadow_vertical_length=\u00a0\u00bb-0.04em\u00a0\u00bb text_text_shadow_blur_strength=\u00a0\u00bb0.56em\u00a0\u00bb text_text_shadow_color=\u00a0\u00bbrgba(0,0,0,0.85)\u00a0\u00bb header_text_shadow_style=\u00a0\u00bbpreset3&Prime; header_text_shadow_horizontal_length=\u00a0\u00bb-0.14em\u00a0\u00bb header_text_shadow_vertical_length=\u00a0\u00bb-0.61em\u00a0\u00bb header_text_shadow_blur_strength=\u00a0\u00bb0.45em\u00a0\u00bb header_text_shadow_color=\u00a0\u00bb#000000&Prime; locked=\u00a0\u00bboff\u00a0\u00bb global_colors_info=\u00a0\u00bb{}\u00a0\u00bb sticky_enabled=\u00a0\u00bb0&Prime;]<\/p>\n<p style=\"text-align: center;\">Le Salon Arti\u2019Mat 24 est une occasion unique de pr\u00e9senter vos mat\u00e9riaux, mat\u00e9riels et \u00e9quipements \u00e0 un public cibl\u00e9 d\u2019artisans et de professionnels.<\/p>\n<p style=\"text-align: center;\">Profitez d\u2019un espace d\u00e9di\u00e9 pour rencontrer vos clients d\u2019aujourd\u2019hui et de demain. Faites-leur tester vos produits, d\u00e9couvrir vos gammes\u2026<\/p>\n<p>[\/et_pb_text][\/et_pb_column][\/et_pb_row][\/et_pb_section][et_pb_section fb_built=\u00a0\u00bb1&Prime; _builder_version=\u00a0\u00bb4.27.6&Prime; _module_preset=\u00a0\u00bbdefault\u00a0\u00bb global_colors_info=\u00a0\u00bb{}\u00a0\u00bb][et_pb_row _builder_version=\u00a0\u00bb4.27.6&Prime; _module_preset=\u00a0\u00bbdefault\u00a0\u00bb global_colors_info=\u00a0\u00bb{}\u00a0\u00bb][et_pb_column type=\u00a0\u00bb4_4&Prime; _builder_version=\u00a0\u00bb4.27.6&Prime; _module_preset=\u00a0\u00bbdefault\u00a0\u00bb background_color=\u00a0\u00bb#1a344e\u00a0\u00bb custom_padding=\u00a0\u00bb40px||40px||false|false\u00a0\u00bb global_colors_info=\u00a0\u00bb{}\u00a0\u00bb][et_pb_text _builder_version=\u00a0\u00bb4.27.6&Prime; _module_preset=\u00a0\u00bbdefault\u00a0\u00bb text_font=\u00a0\u00bb|600||on|||||\u00a0\u00bb text_text_color=\u00a0\u00bb#FFFFFF\u00a0\u00bb header_font=\u00a0\u00bb|600|||||||\u00a0\u00bb header_text_align=\u00a0\u00bbcenter\u00a0\u00bb header_text_color=\u00a0\u00bb#FFFFFF\u00a0\u00bb header_font_size=\u00a0\u00bb23px\u00a0\u00bb global_colors_info=\u00a0\u00bb{}\u00a0\u00bb]<\/p>\n<h1 style=\"text-align: center;\"><strong>Pr\u00e9sentation des stands<\/strong><\/h1>\n<p style=\"text-align: center;\"><span role=\"presentation\"><\/span><\/p>\n<p style=\"text-align: center;\"><span role=\"presentation\">9m\u00b2 : <b>400 \u20ac HT<\/b><\/span><\/p>\n<p style=\"text-align: center;\"><span role=\"presentation\">25m\u00b2 : <b>500 \u20ac HT<\/b><\/span><\/p>\n<p style=\"text-align: center;\"><span role=\"presentation\">entre 25m\u00b2 et 50m\u00b2 : <b>700 \u20ac HT<\/b><\/span><\/p>\n<p style=\"text-align: center;\"><span role=\"presentation\">au-del\u00e0 sur devis<\/span><\/p>\n<p>[\/et_pb_text][et_pb_button button_url=\u00a0\u00bbmailto:artisanat@clubentreprisesduhautperigord.com\u00a0\u00bb button_text=\u00a0\u00bbEXPOSER\u00a0\u00bb button_alignment=\u00a0\u00bbcenter\u00a0\u00bb _builder_version=\u00a0\u00bb4.27.6&Prime; _module_preset=\u00a0\u00bbdefault\u00a0\u00bb custom_button=\u00a0\u00bbon\u00a0\u00bb button_text_color=\u00a0\u00bb#FFFFFF\u00a0\u00bb button_bg_color=\u00a0\u00bb#ec6912&Prime; button_border_width=\u00a0\u00bb0px\u00a0\u00bb button_border_radius=\u00a0\u00bb59px\u00a0\u00bb hover_enabled=\u00a0\u00bb0&Prime; global_colors_info=\u00a0\u00bb{}\u00a0\u00bb button_text_size_last_edited=\u00a0\u00bbon|phone\u00a0\u00bb sticky_enabled=\u00a0\u00bb0&Prime; button_text_size_phone=\u00a0\u00bb15px\u00a0\u00bb][\/et_pb_button][\/et_pb_column][\/et_pb_row][et_pb_row _builder_version=\u00a0\u00bb4.27.6&Prime; _module_preset=\u00a0\u00bbdefault\u00a0\u00bb width=\u00a0\u00bb91%\u00a0\u00bb max_width=\u00a0\u00bb100%\u00a0\u00bb module_alignment=\u00a0\u00bbcenter\u00a0\u00bb min_height=\u00a0\u00bb98px\u00a0\u00bb custom_margin=\u00a0\u00bb||||false|false\u00a0\u00bb custom_padding=\u00a0\u00bb30px||0px||false|false\u00a0\u00bb module_alignment_last_edited=\u00a0\u00bboff|desktop\u00a0\u00bb global_colors_info=\u00a0\u00bb{}\u00a0\u00bb][et_pb_column type=\u00a0\u00bb4_4&Prime; _builder_version=\u00a0\u00bb4.27.4&Prime; _module_preset=\u00a0\u00bbdefault\u00a0\u00bb global_colors_info=\u00a0\u00bb{}\u00a0\u00bb][et_pb_text module_class=\u00a0\u00bbtitre-prestations-outline2&Prime; _builder_version=\u00a0\u00bb4.27.6&Prime; _module_preset=\u00a0\u00bbdefault\u00a0\u00bb header_font=\u00a0\u00bbMontserrat|600||on|||||\u00a0\u00bb header_font_size=\u00a0\u00bb53px\u00a0\u00bb header_2_font=\u00a0\u00bbMontserrat|800||on|||||\u00a0\u00bb header_2_text_color=\u00a0\u00bb#FFFFFF\u00a0\u00bb header_2_font_size=\u00a0\u00bb63px\u00a0\u00bb custom_margin=\u00a0\u00bb1px||-45px|25px|false|false\u00a0\u00bb header_font_size_tablet=\u00a0\u00bb35px\u00a0\u00bb header_font_size_phone=\u00a0\u00bb18px\u00a0\u00bb header_font_size_last_edited=\u00a0\u00bbon|phone\u00a0\u00bb header_2_text_shadow_style=\u00a0\u00bbpreset3&Prime; header_2_text_shadow_vertical_length=\u00a0\u00bb-0.88em\u00a0\u00bb header_2_text_shadow_blur_strength=\u00a0\u00bb0em\u00a0\u00bb header_2_text_shadow_color=\u00a0\u00bb#000000&Prime; global_colors_info=\u00a0\u00bb{}\u00a0\u00bb custom_margin_phone=\u00a0\u00bb0px||-27px|0px|false|false\u00a0\u00bb custom_margin_last_edited=\u00a0\u00bbon|tablet\u00a0\u00bb hover_enabled=\u00a0\u00bb0&Prime; sticky_enabled=\u00a0\u00bb0&Prime; custom_margin_tablet=\u00a0\u00bb1px||-45px|25px|false|false\u00a0\u00bb]<\/p>\n<h1 style=\"text-align: center;\">DEVENEZ Partenaire officiel<\/h1>\n<p>[\/et_pb_text][et_pb_text _builder_version=\u00a0\u00bb4.27.6&Prime; _module_preset=\u00a0\u00bbdefault\u00a0\u00bb header_font=\u00a0\u00bbMontserrat|700||on|||||\u00a0\u00bb header_text_align=\u00a0\u00bbcenter\u00a0\u00bb header_text_color=\u00a0\u00bb#eb6812&Prime; header_font_size=\u00a0\u00bb39px\u00a0\u00bb custom_margin=\u00a0\u00bb||||false|false\u00a0\u00bb custom_margin_tablet=\u00a0\u00bb13px|0px|0px|0px|false|false\u00a0\u00bb custom_margin_phone=\u00a0\u00bb9px|0px|0px|0px|false|false\u00a0\u00bb custom_margin_last_edited=\u00a0\u00bbon|phone\u00a0\u00bb custom_padding=\u00a0\u00bb0px||||false|false\u00a0\u00bb hover_enabled=\u00a0\u00bb0&Prime; header_font_size_tablet=\u00a0\u00bb30px\u00a0\u00bb header_font_size_phone=\u00a0\u00bb17px\u00a0\u00bb header_font_size_last_edited=\u00a0\u00bbon|tablet\u00a0\u00bb header_text_shadow_style=\u00a0\u00bbpreset3&Prime; header_text_shadow_horizontal_length=\u00a0\u00bb-0.26em\u00a0\u00bb header_text_shadow_vertical_length=\u00a0\u00bb-0.17em\u00a0\u00bb header_text_shadow_blur_strength=\u00a0\u00bb0.27em\u00a0\u00bb header_text_shadow_color=\u00a0\u00bb#FFFFFF\u00a0\u00bb global_colors_info=\u00a0\u00bb{}\u00a0\u00bb sticky_enabled=\u00a0\u00bb0&Prime; custom_margin__hover_enabled=\u00a0\u00bboff|desktop\u00a0\u00bb]<\/p>\n<h1 style=\"text-align: center;\">DEVENEZ Partenaire officiel<\/h1>\n<p>[\/et_pb_text][et_pb_text _builder_version=\u00a0\u00bb4.27.6&Prime; _module_preset=\u00a0\u00bbdefault\u00a0\u00bb text_font=\u00a0\u00bb|600|||||||\u00a0\u00bb text_text_color=\u00a0\u00bb#1a344e\u00a0\u00bb text_font_size=\u00a0\u00bb18px\u00a0\u00bb custom_margin=\u00a0\u00bb41px||||false|false\u00a0\u00bb custom_padding=\u00a0\u00bb|100px||100px|false|false\u00a0\u00bb custom_padding_tablet=\u00a0\u00bb|50px|||false|false\u00a0\u00bb custom_padding_phone=\u00a0\u00bb|20px||20px|false|false\u00a0\u00bb custom_padding_last_edited=\u00a0\u00bbon|phone\u00a0\u00bb hover_enabled=\u00a0\u00bb0&Prime; text_font_size_tablet=\u00a0\u00bb15px\u00a0\u00bb text_font_size_phone=\u00a0\u00bb13px\u00a0\u00bb text_font_size_last_edited=\u00a0\u00bbon|tablet\u00a0\u00bb locked=\u00a0\u00bboff\u00a0\u00bb global_colors_info=\u00a0\u00bb{}\u00a0\u00bb sticky_enabled=\u00a0\u00bb0&Prime;]<\/p>\n<p class=\"ms-outlook-mobile-reference-message skipProofing\"><span>Offres<b> sponsoring disponibles<\/b> (2 niveaux) pour renforcer votre visibilit\u00e9 avant, pendant et apr\u00e8s le salon.<\/span><\/p>\n<p class=\"ms-outlook-mobile-reference-message skipProofing\"><span><\/span><\/p>\n<p class=\"ms-outlook-mobile-reference-message skipProofing\"><span><\/span><\/p>\n<p class=\"ms-outlook-mobile-reference-message skipProofing\"><b><span style=\"color: #ff6600;\">Sponsor<\/span> &#8211; <\/b><em>500\u20ac HT<\/em><em><\/em><\/p>\n<ul>\n<ul>\n<li><span role=\"presentation\">Logo sur les supports de communication de l&rsquo;\u00e9v\u00e9nement (site internet, flyers, programme&#8230;)<\/span><\/li>\n<li><span role=\"presentation\">Mention sur une publication d\u00e9di\u00e9e sur les r\u00e9seaux sociaux du Salon (LinkedIn &amp; Facebook)<\/span><\/li>\n<li><span role=\"presentation\">Signal\u00e9tique sur place (affichage partenaires)<\/span><\/li>\n<li><span role=\"presentation\">2 repas suppl\u00e9mentaires offerts pour le march\u00e9 gourmand du jeudi soir<\/span><\/li>\n<li><span role=\"presentation\">Acc\u00e8s \u00e0 l&rsquo;espace Business<\/span><\/li>\n<\/ul>\n<\/ul>\n<p><b><span style=\"color: #ff6600;\">Grand Sponsor<\/span> &#8211; <\/b><em>800\u20ac HT<\/em><b>\u00a0<\/b><\/p>\n<p><b><\/b><\/p>\n<ul>\n<ul>\n<li><span role=\"presentation\">Inclut tous les avantages de l&rsquo;offre Sponsor, plus :<\/span><\/li>\n<li><span role=\"presentation\">Logo en position premium sur les supports de communication<\/span><\/li>\n<li><span role=\"presentation\">Pr\u00e9sence valoris\u00e9e dans le communiqu\u00e9 de presse<\/span><\/li>\n<li><span role=\"presentation\">4 repas suppl\u00e9mentaires offerts pour le march\u00e9 gourmand du jeudi soir<\/span><\/li>\n<li><span role=\"presentation\">Acc\u00e8s VIP avec coin d\u00e9di\u00e9 pour \u00e9changes prospects \/ client dans l&rsquo;espace Business<\/span><\/li>\n<\/ul>\n<\/ul>\n<p>[\/et_pb_text][et_pb_button button_url=\u00a0\u00bbmailto:artisanat@clubentreprisesduhautperigord.com\u00a0\u00bb button_text=\u00a0\u00bbSPONSORISER LE SALON\u00a0\u00bb button_alignment=\u00a0\u00bbcenter\u00a0\u00bb _builder_version=\u00a0\u00bb4.27.6&Prime; _module_preset=\u00a0\u00bbdefault\u00a0\u00bb custom_button=\u00a0\u00bbon\u00a0\u00bb button_text_color=\u00a0\u00bb#FFFFFF\u00a0\u00bb button_bg_color=\u00a0\u00bb#ec6912&Prime; button_border_radius=\u00a0\u00bb59px\u00a0\u00bb hover_enabled=\u00a0\u00bb0&Prime; global_colors_info=\u00a0\u00bb{}\u00a0\u00bb button_text_size_last_edited=\u00a0\u00bbon|tablet\u00a0\u00bb button_text_size_phone=\u00a0\u00bb15px\u00a0\u00bb sticky_enabled=\u00a0\u00bb0&Prime;][\/et_pb_button][\/et_pb_column][\/et_pb_row][\/et_pb_section]<\/p>\n","protected":false},"excerpt":{"rendered":"<p>Devenir exposant ?Devenir exposant ?Le Salon Arti\u2019Mat 24 est une occasion unique de pr\u00e9senter vos mat\u00e9riaux, mat\u00e9riels et \u00e9quipements \u00e0 un public cibl\u00e9 d\u2019artisans et de professionnels. Profitez d\u2019un espace d\u00e9di\u00e9 pour rencontrer vos clients d\u2019aujourd\u2019hui et de demain. Faites-leur tester vos produits, d\u00e9couvrir vos gammes\u2026Pr\u00e9sentation des stands 9m\u00b2 : 400 \u20ac HT 25m\u00b2 : 500 \u20ac HT entre 25m\u00b2 et 50m\u00b2 : 700 \u20ac HT au-del\u00e0 sur devisDEVENEZ Partenaire officielDEVENEZ Partenaire officielOffres sponsoring disponibles (2 niveaux) pour renforcer votre visibilit\u00e9 avant, pendant et apr\u00e8s le salon. Sponsor &#8211; 500\u20ac HT Logo sur les supports de communication de l&rsquo;\u00e9v\u00e9nement (site internet, flyers, programme&#8230;) Mention sur une publication d\u00e9di\u00e9e sur les r\u00e9seaux sociaux du Salon (LinkedIn &amp; Facebook) Signal\u00e9tique sur place (affichage partenaires) 2 repas suppl\u00e9mentaires offerts pour le march\u00e9 gourmand du jeudi soir Acc\u00e8s \u00e0 l&rsquo;espace Business Grand Sponsor &#8211; 800\u20ac HT\u00a0 Inclut tous les avantages de l&rsquo;offre Sponsor, plus : Logo en position premium sur les supports de communication Pr\u00e9sence valoris\u00e9e dans le communiqu\u00e9 de presse 4 repas suppl\u00e9mentaires offerts pour le march\u00e9 gourmand du jeudi soir Acc\u00e8s VIP avec coin d\u00e9di\u00e9 pour \u00e9changes prospects \/ client dans l&rsquo;espace Business<\/p>\n","protected":false},"author":1,"featured_media":0,"parent":0,"menu_order":0,"comment_status":"closed","ping_status":"closed","template":"","meta":{"_et_pb_use_builder":"on","_et_pb_old_content":"","_et_gb_content_width":"","footnotes":""},"class_list":["post-820","page","type-page","status-publish","hentry"],"_links":{"self":[{"href":"https:\/\/artimat24.fr\/index.php\/wp-json\/wp\/v2\/pages\/820","targetHints":{"allow":["GET"]}}],"collection":[{"href":"https:\/\/artimat24.fr\/index.php\/wp-json\/wp\/v2\/pages"}],"about":[{"href":"https:\/\/artimat24.fr\/index.php\/wp-json\/wp\/v2\/types\/page"}],"author":[{"embeddable":true,"href":"https:\/\/artimat24.fr\/index.php\/wp-json\/wp\/v2\/users\/1"}],"replies":[{"embeddable":true,"href":"https:\/\/artimat24.fr\/index.php\/wp-json\/wp\/v2\/comments?post=820"}],"version-history":[{"count":9,"href":"https:\/\/artimat24.fr\/index.php\/wp-json\/wp\/v2\/pages\/820\/revisions"}],"predecessor-version":[{"id":946,"href":"https:\/\/artimat24.fr\/index.php\/wp-json\/wp\/v2\/pages\/820\/revisions\/946"}],"wp:attachment":[{"href":"https:\/\/artimat24.fr\/index.php\/wp-json\/wp\/v2\/media?parent=820"}],"curies":[{"name":"wp","href":"https:\/\/api.w.org\/{rel}","templated":true}]}}